{"id":39,"date":"2025-07-08T21:56:28","date_gmt":"2025-07-08T21:56:28","guid":{"rendered":"https:\/\/autopintadospablo.com\/?page_id=39"},"modified":"2025-07-08T21:57:11","modified_gmt":"2025-07-08T21:57:11","slug":"contacto","status":"publish","type":"page","link":"https:\/\/autopintadospablo.com\/index.php\/contacto\/","title":{"rendered":"Contacto"},"content":{"rendered":"\n<div class=\"wp-block-columns alignwide are-vertically-aligned-top is-layout-flex wp-container-core-columns-is-layout-0ab587bd wp-block-columns-is-layout-flex\" style=\"padding-top:80px;padding-right:var(--wp--preset--spacing--40);padding-bottom:80px;padding-left:var(--wp--preset--spacing--40)\">\n<div class=\"wp-block-column is-vertically-aligned-top is-layout-flow wp-block-column-is-layout-flow\" style=\"flex-basis:65%\">\n<div class=\"wp-block-group is-layout-flow wp-container-core-group-is-layout-c304226c wp-block-group-is-layout-flow\">\n<div class=\"wp-block-columns is-layout-flex wp-container-core-columns-is-layout-28f84493 wp-block-columns-is-layout-flex\">\n<div class=\"wp-block-column is-layout-flow wp-block-column-is-layout-flow\" style=\"flex-basis:100%\">\n<figure class=\"wp-block-image alignfull\"><img loading=\"lazy\" decoding=\"async\" width=\"1024\" height=\"576\" src=\"https:\/\/autopintadospablo.com\/wp-content\/uploads\/2025\/07\/AdobeStock_514199244-1-1024x576.jpeg\" alt=\"\" class=\"wp-image-40\" srcset=\"https:\/\/autopintadospablo.com\/wp-content\/uploads\/2025\/07\/AdobeStock_514199244-1-1024x576.jpeg 1024w, https:\/\/autopintadospablo.com\/wp-content\/uploads\/2025\/07\/AdobeStock_514199244-1-300x169.jpeg 300w, https:\/\/autopintadospablo.com\/wp-content\/uploads\/2025\/07\/AdobeStock_514199244-1-768x432.jpeg 768w, https:\/\/autopintadospablo.com\/wp-content\/uploads\/2025\/07\/AdobeStock_514199244-1-1536x864.jpeg 1536w, https:\/\/autopintadospablo.com\/wp-content\/uploads\/2025\/07\/AdobeStock_514199244-1-2048x1152.jpeg 2048w\" sizes=\"auto, (max-width: 1024px) 100vw, 1024px\" \/><\/figure>\n<\/div>\n<\/div>\n\n\n\n<div class=\"wp-block-group is-layout-flow wp-block-group-is-layout-flow\">\n<p class=\"has-text-align-left has-base-color has-text-color has-small-font-size\" style=\"letter-spacing:1px;text-transform:uppercase\">Contacta con nosotros<\/p>\n\n\n\n<h3 class=\"wp-block-heading has-text-align-left has-base-color has-text-color\" style=\"font-size:clamp(26.465px, 1.654rem + ((1vw - 3.2px) * 1.854), 45px);font-style:normal;font-weight:700;line-height:1.1\">\u00bfTienes m\u00e1s preguntas? \u00a1Ponte en contacto con nosotros!<\/h3>\n\n\n\n<p><\/p>\n\n\n\n<p class=\"has-tertiary-color has-text-color has-link-color has-small-font-size wp-elements-d3cc8f3a0c56e6315af6c05dc36f06c2\" style=\"margin-top:0px;margin-bottom:0px\">Geograficamente nos encontramos en la <strong>Serran\u00eda de Ronda<\/strong>, en el <strong>pol\u00edgono industrial de Arriate, acogiendo a los pueblos de la Sierra de C\u00e1diz en su paso como Setenil de las Bodegas, \u00c1lcala del Valle, Torre- Alh\u00e1quime y Olvera.<\/strong><br>En la <strong>Serran\u00eda de Ronda, <\/strong>en su paso tambi\u00e9n se encuentra las pedan\u00edas de los <strong>Prados, la<br>Cimada, y los pueblos de alrededor, Cuevas del Becerro, Serrato, Benaoj\u00e1n, Montejaque,<br>Montecorto, y la ciudad de Ronda. <\/strong><\/p>\n<\/div>\n<\/div>\n<\/div>\n\n\n\n<div class=\"wp-block-column is-vertically-aligned-top is-layout-flow wp-block-column-is-layout-flow\" style=\"flex-basis:35%\">\n<p class=\"has-tertiary-color has-text-color has-link-color has-small-font-size wp-elements-dea9755af8896831d201793189499d46\"><\/p>\n\n\n\n<div class=\"wp-block-group has-secondary-background-color has-background is-layout-constrained wp-container-core-group-is-layout-3dcc9c70 wp-block-group-is-layout-constrained\" style=\"border-top-color:var(--wp--preset--color--primary);border-top-style:solid;border-top-width:5px;padding-top:40px;padding-right:40px;padding-bottom:40px;padding-left:40px\">\n<div class=\"wp-block-group is-layout-constrained wp-container-core-group-is-layout-e555385e wp-block-group-is-layout-constrained\">\n<h5 class=\"wp-block-heading has-text-align-left has-default-color has-text-color has-link-color wp-elements-5b3e0ffa89e330e9de735b9ff0ae030f\" style=\"font-size:clamp(15.747px, 0.984rem + ((1vw - 3.2px) * 0.825), 24px);font-style:normal;font-weight:700;line-height:1.1\">Detalles del contacto<\/h5>\n\n\n\n<div style=\"height:10px\" aria-hidden=\"true\" class=\"wp-block-spacer\"><\/div>\n\n\n\n<p class=\"has-quaternary-color has-text-color has-link-color has-small-font-size wp-elements-62c6af3ad66ffb02d4aca6d0d364751f\" style=\"margin-bottom:0px;line-height:1.6\">Calle Pintor Antonio Cabrera, Poligono Industrial de Arriate, Arriate, M\u00e1laga<\/p>\n<\/div>\n\n\n\n<div class=\"wp-block-group is-layout-constrained wp-container-core-group-is-layout-e555385e wp-block-group-is-layout-constrained\">\n<p class=\"has-default-color has-text-color has-link-color has-small-font-size wp-elements-3af5b62cddad686c2f749b3ac16e767c\" style=\"margin-bottom:0px;font-style:normal;font-weight:600;line-height:1.6\">Enviar correo electr\u00f3nico<\/p>\n\n\n\n<p class=\"has-quaternary-color has-text-color has-link-color has-small-font-size wp-elements-f4bcaab2ef4f029156d1b0aacda8e005\" style=\"margin-bottom:0px;line-height:1.6\">autopintadospablo@gmail.com<\/p>\n<\/div>\n\n\n\n<div class=\"wp-block-group is-layout-constrained wp-container-core-group-is-layout-e555385e wp-block-group-is-layout-constrained\">\n<p class=\"has-default-color has-text-color has-link-color has-small-font-size wp-elements-031e183f030eaa2a761d692819ec43a3\" style=\"margin-bottom:0px;font-style:normal;font-weight:600;line-height:1.6\">Llamanos<\/p>\n\n\n\n<p class=\"has-quaternary-color has-text-color has-link-color has-small-font-size wp-elements-b8a021ce6f990b0f41808ceae6ec75f9\" style=\"margin-bottom:25px;line-height:1.6\">+34 722 114 112<\/p>\n<\/div>\n\n\n\n<hr class=\"wp-block-separator has-text-color has-alpha-channel-opacity has-background is-style-wide\" style=\"background-color:#21252987;color:#21252987\"\/>\n<\/div>\n<\/div>\n<\/div>\n","protected":false},"excerpt":{"rendered":"<p>Contacta con nosotros \u00bfTienes m\u00e1s preguntas? \u00a1Ponte en contacto con nosotros! Geograficamente nos encontramos en la Serran\u00eda de Ronda, en el pol\u00edgono industrial de Arriate, acogiendo a los pueblos de la Sierra de C\u00e1diz en su paso como Setenil de las Bodegas, \u00c1lcala del Valle, Torre- Alh\u00e1quime y Olvera.En la Serran\u00eda de Ronda, en su [&hellip;]<\/p>\n","protected":false},"author":1,"featured_media":0,"parent":0,"menu_order":0,"comment_status":"closed","ping_status":"closed","template":"","meta":{"footnotes":""},"class_list":["post-39","page","type-page","status-publish","hentry"],"_links":{"self":[{"href":"https:\/\/autopintadospablo.com\/index.php\/wp-json\/wp\/v2\/pages\/39","targetHints":{"allow":["GET"]}}],"collection":[{"href":"https:\/\/autopintadospablo.com\/index.php\/wp-json\/wp\/v2\/pages"}],"about":[{"href":"https:\/\/autopintadospablo.com\/index.php\/wp-json\/wp\/v2\/types\/page"}],"author":[{"embeddable":true,"href":"https:\/\/autopintadospablo.com\/index.php\/wp-json\/wp\/v2\/users\/1"}],"replies":[{"embeddable":true,"href":"https:\/\/autopintadospablo.com\/index.php\/wp-json\/wp\/v2\/comments?post=39"}],"version-history":[{"count":2,"href":"https:\/\/autopintadospablo.com\/index.php\/wp-json\/wp\/v2\/pages\/39\/revisions"}],"predecessor-version":[{"id":42,"href":"https:\/\/autopintadospablo.com\/index.php\/wp-json\/wp\/v2\/pages\/39\/revisions\/42"}],"wp:attachment":[{"href":"https:\/\/autopintadospablo.com\/index.php\/wp-json\/wp\/v2\/media?parent=39"}],"curies":[{"name":"wp","href":"https:\/\/api.w.org\/{rel}","templated":true}]}}