{"id":33,"date":"2025-07-08T21:48:08","date_gmt":"2025-07-08T21:48:08","guid":{"rendered":"https:\/\/autopintadospablo.com\/?page_id=33"},"modified":"2025-07-08T21:48:54","modified_gmt":"2025-07-08T21:48:54","slug":"sobre-nosotros","status":"publish","type":"page","link":"https:\/\/autopintadospablo.com\/index.php\/sobre-nosotros\/","title":{"rendered":"SOBRE NOSOTROS"},"content":{"rendered":"\n<div class=\"wp-block-cover alignfull\" style=\"margin-top:0;padding-top:5vw;padding-right:5vw;padding-bottom:5vw;padding-left:5vw\"><span aria-hidden=\"true\" class=\"wp-block-cover__background has-background-dim-100 has-background-dim\" style=\"background-color:#d1362a\"><\/span><div class=\"wp-block-cover__inner-container is-layout-flow wp-block-cover-is-layout-flow\">\n<div class=\"wp-block-group is-layout-flex wp-container-core-group-is-layout-e4aad5c3 wp-block-group-is-layout-flex\">\n<div class=\"wp-block-group wp-container-content-9cfa9a5a is-layout-flow wp-container-core-group-is-layout-d6743c7d wp-block-group-is-layout-flow\">\n<p class=\"has-text-align-left has-black-color has-text-color\" style=\"font-size:clamp(67.975px, 4.248rem + ((1vw - 3.2px) * 8.003), 148px);font-style:normal;font-weight:700;letter-spacing:-4px;line-height:0.9;text-transform:none\">Elige<\/p>\n\n\n\n<p class=\"has-text-align-left has-black-color has-text-color\" style=\"font-size:clamp(67.975px, 4.248rem + ((1vw - 3.2px) * 8.003), 148px);font-style:normal;font-weight:700;letter-spacing:-4px;line-height:0.9;text-transform:none\">Auto<br>Pintados<\/p>\n\n\n\n<p class=\"has-text-align-left has-white-color has-text-color\" style=\"font-size:clamp(67.975px, 4.248rem + ((1vw - 3.2px) * 8.003), 148px);font-style:normal;font-weight:700;letter-spacing:-4px;line-height:0.9;text-transform:none\">Pablo<\/p>\n<\/div>\n\n\n\n<div class=\"wp-block-group wp-container-content-5b91cf2b is-vertical is-nowrap is-layout-flex wp-container-core-group-is-layout-82cc2081 wp-block-group-is-layout-flex\">\n<p style=\"font-size:clamp(14px, 0.875rem + ((1vw - 3.2px) * 0.3), 17px);font-style:normal;font-weight:500;letter-spacing:0px;line-height:1.4;text-decoration:none;text-transform:none\"><strong>Sobre Auto Pintados Pablo<\/strong><\/p>\n\n\n\n<p>En Auto Pintados Pablo somos una empresa familiar especializada en chapa y pintura de veh\u00edculos, ubicada en Arriate, en plena Serran\u00eda de Ronda, M\u00e1laga. Desde nuestros inicios, nos hemos dedicado a ofrecer un servicio integral y de m\u00e1xima calidad a todos nuestros clientes.<\/p>\n\n\n\n<p><strong>Nuestra Filosof\u00eda:<\/strong> Creemos que cada veh\u00edculo merece el mejor cuidado. Por eso, combinamos t\u00e9cnicas tradicionales con la tecnolog\u00eda m\u00e1s avanzada para garantizar resultados excepcionales en cada trabajo que realizamos.<\/p>\n\n\n\n<p><strong>\u00bfPor qu\u00e9 elegirnos?<\/strong><\/p>\n\n\n\n<p><strong>Experiencia:<\/strong> A\u00f1os de trayectoria en el sector nos avalan<\/p>\n\n\n\n<p><strong>Calidad:<\/strong> Utilizamos materiales y pinturas de primera calidad<\/p>\n\n\n\n<p><strong>Profesionalidad:<\/strong> Equipo cualificado y especializado<\/p>\n\n\n\n<p><strong>Cercan\u00eda:<\/strong> Trato personalizado y familiar<\/p>\n\n\n\n<p style=\"font-size:clamp(14px, 0.875rem + ((1vw - 3.2px) * 0.3), 17px);font-style:normal;font-weight:500;letter-spacing:0px;line-height:1.4;text-decoration:none;text-transform:none\"><strong>Nuestro Equipo:<\/strong> Contamos con profesionales altamente cualificados que se mantienen en constante formaci\u00f3n para ofrecer siempre los mejores resultados, adapt\u00e1ndonos a las \u00faltimas t\u00e9cnicas y tendencias del sector.<\/p>\n\n\n\n<div class=\"wp-block-buttons is-layout-flex wp-block-buttons-is-layout-flex\"><\/div>\n<\/div>\n<\/div>\n<\/div><\/div>\n","protected":false},"excerpt":{"rendered":"","protected":false},"author":1,"featured_media":0,"parent":0,"menu_order":0,"comment_status":"closed","ping_status":"closed","template":"","meta":{"footnotes":""},"class_list":["post-33","page","type-page","status-publish","hentry"],"_links":{"self":[{"href":"https:\/\/autopintadospablo.com\/index.php\/wp-json\/wp\/v2\/pages\/33","targetHints":{"allow":["GET"]}}],"collection":[{"href":"https:\/\/autopintadospablo.com\/index.php\/wp-json\/wp\/v2\/pages"}],"about":[{"href":"https:\/\/autopintadospablo.com\/index.php\/wp-json\/wp\/v2\/types\/page"}],"author":[{"embeddable":true,"href":"https:\/\/autopintadospablo.com\/index.php\/wp-json\/wp\/v2\/users\/1"}],"replies":[{"embeddable":true,"href":"https:\/\/autopintadospablo.com\/index.php\/wp-json\/wp\/v2\/comments?post=33"}],"version-history":[{"count":3,"href":"https:\/\/autopintadospablo.com\/index.php\/wp-json\/wp\/v2\/pages\/33\/revisions"}],"predecessor-version":[{"id":37,"href":"https:\/\/autopintadospablo.com\/index.php\/wp-json\/wp\/v2\/pages\/33\/revisions\/37"}],"wp:attachment":[{"href":"https:\/\/autopintadospablo.com\/index.php\/wp-json\/wp\/v2\/media?parent=33"}],"curies":[{"name":"wp","href":"https:\/\/api.w.org\/{rel}","templated":true}]}}